{"id":193,"date":"2026-02-24T13:00:57","date_gmt":"2026-02-24T10:00:57","guid":{"rendered":"https:\/\/w215.alakazam.web.tr\/?page_id=193"},"modified":"2026-02-24T13:24:48","modified_gmt":"2026-02-24T10:24:48","slug":"gocuk-tamiri","status":"publish","type":"page","link":"https:\/\/w215.alakazam.web.tr\/index.php\/gocuk-tamiri\/","title":{"rendered":"G\u00f6\u00e7\u00fck Tamiri"},"content":{"rendered":"\t\t<div data-elementor-type=\"wp-page\" data-elementor-id=\"193\" class=\"elementor elementor-193\" data-elementor-post-type=\"page\">\n\t\t\t\t<div class=\"elementor-element elementor-element-47c07029 e-flex e-con-boxed e-con e-parent\" data-id=\"47c07029\" data-element_type=\"container\" data-e-type=\"container\" data-settings=\"{&quot;background_background&quot;:&quot;classic&quot;}\">\n\t\t\t\t\t<div class=\"e-con-inner\">\n\t\t\t\t<div class=\"elementor-element elementor-element-3cef44b1 elementor-icon-list--layout-inline elementor-list-item-link-full_width elementor-invisible elementor-widget elementor-widget-icon-list\" data-id=\"3cef44b1\" data-element_type=\"widget\" data-e-type=\"widget\" data-settings=\"{&quot;_animation&quot;:&quot;fadeInRight&quot;}\" data-widget_type=\"icon-list.default\">\n\t\t\t\t\t\t\t<ul class=\"elementor-icon-list-items elementor-inline-items\">\n\t\t\t\t\t\t\t<li class=\"elementor-icon-list-item elementor-inline-item\">\n\t\t\t\t\t\t\t\t\t\t\t<a href=\"#\">\n\n\t\t\t\t\t\t\t\t\t\t\t<span class=\"elementor-icon-list-text\">Anasayfa<\/span>\n\t\t\t\t\t\t\t\t\t\t\t<\/a>\n\t\t\t\t\t\t\t\t\t<\/li>\n\t\t\t\t\t\t\t\t<li class=\"elementor-icon-list-item elementor-inline-item\">\n\t\t\t\t\t\t\t\t\t\t\t<span class=\"elementor-icon-list-icon\">\n\t\t\t\t\t\t\t<svg aria-hidden=\"true\" class=\"e-font-icon-svg e-fas-long-arrow-alt-right\" viewBox=\"0 0 448 512\" xmlns=\"http:\/\/www.w3.org\/2000\/svg\"><path d=\"M313.941 216H12c-6.627 0-12 5.373-12 12v56c0 6.627 5.373 12 12 12h301.941v46.059c0 21.382 25.851 32.09 40.971 16.971l86.059-86.059c9.373-9.373 9.373-24.569 0-33.941l-86.059-86.059c-15.119-15.119-40.971-4.411-40.971 16.971V216z\"><\/path><\/svg>\t\t\t\t\t\t<\/span>\n\t\t\t\t\t\t\t\t\t\t<span class=\"elementor-icon-list-text\">Pasta Cila Uygulamas\u0131<\/span>\n\t\t\t\t\t\t\t\t\t<\/li>\n\t\t\t\t\t\t<\/ul>\n\t\t\t\t\t\t<\/div>\n\t\t\t\t<div class=\"elementor-element elementor-element-35beb4ba elementor-invisible elementor-widget elementor-widget-heading\" data-id=\"35beb4ba\" data-element_type=\"widget\" data-e-type=\"widget\" data-settings=\"{&quot;_animation&quot;:&quot;fadeInLeft&quot;}\" data-widget_type=\"heading.default\">\n\t\t\t\t\t<h1 class=\"elementor-heading-title elementor-size-default\">G\u00f6\u00e7\u00fck Tamiri<\/h1>\t\t\t\t<\/div>\n\t\t\t\t<div class=\"elementor-element elementor-element-682282e9 elementor-widget__width-initial elementor-widget-mobile__width-inherit elementor-invisible elementor-widget elementor-widget-text-editor\" data-id=\"682282e9\" data-element_type=\"widget\" data-e-type=\"widget\" data-settings=\"{&quot;_animation&quot;:&quot;fadeIn&quot;,&quot;_animation_delay&quot;:480}\" data-widget_type=\"text-editor.default\">\n\t\t\t\t\t\t\t\t\t<p data-start=\"82\" data-end=\"206\">Arac\u0131n\u0131z\u0131n kaporta y\u00fczeyinde olu\u015fan k\u00fc\u00e7\u00fck ve orta \u00f6l\u00e7ekli g\u00f6\u00e7\u00fckleri profesyonel g\u00f6\u00e7\u00fck d\u00fczeltme teknikleri ile gideriyoruz.<\/p><p data-start=\"208\" data-end=\"433\">Boyas\u0131z g\u00f6\u00e7\u00fck onar\u0131m (PDR) y\u00f6ntemi sayesinde y\u00fczeye zarar vermeden, orijinal boya korunarak kaporta eski formuna kavu\u015fturulur. Uygulama sonras\u0131 y\u00fczey b\u00fct\u00fcnl\u00fc\u011f\u00fc sa\u011flan\u0131r, arac\u0131n\u0131za estetik ve kusursuz bir g\u00f6r\u00fcn\u00fcm kazand\u0131r\u0131l\u0131r.<\/p>\t\t\t\t\t\t\t\t<\/div>\n\t\t\t\t\t<\/div>\n\t\t\t\t<\/div>\n\t\t<div class=\"elementor-element elementor-element-31441834 e-flex e-con-boxed e-con e-parent\" data-id=\"31441834\" data-element_type=\"container\" data-e-type=\"container\">\n\t\t\t\t\t<div class=\"e-con-inner\">\n\t\t<div class=\"elementor-element elementor-element-57778905 e-con-full e-flex e-con e-child\" data-id=\"57778905\" data-element_type=\"container\" data-e-type=\"container\">\n\t\t\t\t<div class=\"elementor-element elementor-element-300cd116 elementor-widget elementor-widget-video\" data-id=\"300cd116\" data-element_type=\"widget\" data-e-type=\"widget\" data-settings=\"{&quot;youtube_url&quot;:&quot;https:\\\/\\\/www.youtube.com\\\/watch?v=XHOmBV4js_E&quot;,&quot;lazy_load&quot;:&quot;yes&quot;,&quot;show_image_overlay&quot;:&quot;yes&quot;,&quot;image_overlay&quot;:{&quot;url&quot;:&quot;https:\\\/\\\/w215.alakazam.web.tr\\\/wp-content\\\/uploads\\\/2026\\\/02\\\/car-detailing-man-hand-holding-and-polish-the-car-polishing-car-wax-e1696157762428.jpg&quot;,&quot;id&quot;:29,&quot;size&quot;:&quot;&quot;},&quot;video_type&quot;:&quot;youtube&quot;,&quot;controls&quot;:&quot;yes&quot;}\" data-widget_type=\"video.default\">\n\t\t\t\t\t\t\t<div class=\"elementor-wrapper elementor-open-inline\">\n\t\t\t<div class=\"elementor-video\"><\/div>\t\t\t\t<div class=\"elementor-custom-embed-image-overlay\" style=\"background-image: url(https:\/\/w215.alakazam.web.tr\/wp-content\/uploads\/2026\/02\/car-detailing-man-hand-holding-and-polish-the-car-polishing-car-wax-e1696157762428.jpg);\">\n\t\t\t\t\t\t\t\t\t\t\t\t\t\t\t\t<div class=\"elementor-custom-embed-play\" role=\"button\" aria-label=\"Videoyu Oynat\" tabindex=\"0\">\n\t\t\t\t\t\t\t<svg aria-hidden=\"true\" class=\"e-font-icon-svg e-eicon-play\" viewBox=\"0 0 1000 1000\" xmlns=\"http:\/\/www.w3.org\/2000\/svg\"><path d=\"M838 162C746 71 633 25 500 25 371 25 258 71 163 162 71 254 25 367 25 500 25 633 71 746 163 837 254 929 367 979 500 979 633 979 746 933 838 837 929 746 975 633 975 500 975 367 929 254 838 162M808 192C892 279 933 379 933 500 933 621 892 725 808 808 725 892 621 938 500 938 379 938 279 896 196 808 113 725 67 621 67 500 67 379 108 279 196 192 279 108 383 62 500 62 621 62 721 108 808 192M438 392V642L642 517 438 392Z\"><\/path><\/svg>\t\t\t\t\t\t<\/div>\n\t\t\t\t\t\t\t\t\t<\/div>\n\t\t\t\t\t<\/div>\n\t\t\t\t\t\t<\/div>\n\t\t\t\t<div class=\"elementor-element elementor-element-60b432e elementor-widget-divider--view-line_text elementor-widget-divider--element-align-left elementor-widget elementor-widget-divider\" data-id=\"60b432e\" data-element_type=\"widget\" data-e-type=\"widget\" data-widget_type=\"divider.default\">\n\t\t\t\t\t\t\t<div class=\"elementor-divider\">\n\t\t\t<span class=\"elementor-divider-separator\">\n\t\t\t\t\t\t\t<h3 class=\"elementor-divider__text elementor-divider__element\">\n\t\t\t\tG\u00f6\u00e7\u00fck Tamiri\t\t\t\t<\/h3>\n\t\t\t\t\t\t<\/span>\n\t\t<\/div>\n\t\t\t\t\t\t<\/div>\n\t\t\t\t<div class=\"elementor-element elementor-element-4bc98cc1 elementor-widget elementor-widget-heading\" data-id=\"4bc98cc1\" data-element_type=\"widget\" data-e-type=\"widget\" data-widget_type=\"heading.default\">\n\t\t\t\t\t<h2 class=\"elementor-heading-title elementor-size-default\">Arac\u0131n\u0131zda zamanla olu\u015fan kaporta g\u00f6\u00e7\u00fcklerini, dolu izlerini ve k\u00fc\u00e7\u00fck darbeleri profesyonel g\u00f6\u00e7\u00fck d\u00fczeltme uygulamalar\u0131 ile gideriyoruz.\n\nW215 Garage olarak uygulad\u0131\u011f\u0131m\u0131z boyas\u0131z g\u00f6\u00e7\u00fck onar\u0131m (PDR) teknikleri sayesinde y\u00fczeyde olu\u015fan deformasyonlar kontroll\u00fc \u015fekilde d\u00fczeltilir, kaporta orijinal formuna zarar verilmeden yeniden kazand\u0131r\u0131l\u0131r.<\/h2>\t\t\t\t<\/div>\n\t\t\t\t<div class=\"elementor-element elementor-element-13af1121 elementor-widget elementor-widget-text-editor\" data-id=\"13af1121\" data-element_type=\"widget\" data-e-type=\"widget\" data-widget_type=\"text-editor.default\">\n\t\t\t\t\t\t\t\t\t<p data-start=\"453\" data-end=\"513\">Kulland\u0131\u011f\u0131m\u0131z \u00f6zel vakum ve hassas d\u00fczeltme ekipmanlar\u0131 ile:<\/p><ul data-start=\"515\" data-end=\"782\"><li data-start=\"515\" data-end=\"581\"><p data-start=\"517\" data-end=\"581\">K\u00fc\u00e7\u00fck ve orta \u00f6l\u00e7ekli g\u00f6\u00e7\u00fckler boyaya zarar vermeden giderilir<\/p><\/li><li data-start=\"582\" data-end=\"635\"><p data-start=\"584\" data-end=\"635\">Dolu hasarlar\u0131 profesyonel tekniklerle d\u00fczeltilir<\/p><\/li><li data-start=\"636\" data-end=\"678\"><p data-start=\"638\" data-end=\"678\">Y\u00fczey formu ve metal b\u00fct\u00fcnl\u00fc\u011f\u00fc korunur<\/p><\/li><li data-start=\"679\" data-end=\"719\"><p data-start=\"681\" data-end=\"719\">Orijinal boya yap\u0131s\u0131 muhafaza edilir<\/p><\/li><li data-start=\"720\" data-end=\"782\"><p data-start=\"722\" data-end=\"782\">\u0130\u015flem sonras\u0131 y\u00fczey estetik olarak kusursuz hale getirilir<\/p><\/li><\/ul><p data-start=\"784\" data-end=\"1024\">Uygulama \u00f6ncesinde hasar analizi yap\u0131l\u0131r ve her ara\u00e7 i\u00e7in uygun onar\u0131m y\u00f6ntemi belirlenir. Amac\u0131m\u0131z yaln\u0131zca g\u00f6\u00e7\u00fc\u011f\u00fc d\u00fczeltmek de\u011fil; arac\u0131n\u0131z\u0131n orijinal yap\u0131s\u0131n\u0131 koruyarak de\u011fer kayb\u0131n\u0131 \u00f6nleyen profesyonel ve g\u00fcvenli bir onar\u0131m sa\u011flamakt\u0131r.<\/p>\t\t\t\t\t\t\t\t<\/div>\n\t\t\t\t<\/div>\n\t\t<div class=\"elementor-element elementor-element-7dc98fb7 e-con-full e-flex e-con e-child\" data-id=\"7dc98fb7\" data-element_type=\"container\" data-e-type=\"container\">\n\t\t<div class=\"elementor-element elementor-element-26f129f4 e-flex e-con-boxed elementor-invisible e-con e-child\" data-id=\"26f129f4\" data-element_type=\"container\" data-e-type=\"container\" data-settings=\"{&quot;background_background&quot;:&quot;gradient&quot;,&quot;animation&quot;:&quot;fadeInUp&quot;}\">\n\t\t\t\t\t<div class=\"e-con-inner\">\n\t\t\t\t<div class=\"elementor-element elementor-element-277e3eed elementor-widget elementor-widget-heading\" data-id=\"277e3eed\" data-element_type=\"widget\" data-e-type=\"widget\" data-widget_type=\"heading.default\">\n\t\t\t\t\t<h2 class=\"elementor-heading-title elementor-size-default\">Di\u011fer Uygulamalar\u0131m\u0131z<\/h2>\t\t\t\t<\/div>\n\t\t\t\t<div class=\"elementor-element elementor-element-615aa08f elementor-position-inline-end elementor-mobile-position-inline-end elementor-view-default elementor-widget elementor-widget-icon-box\" data-id=\"615aa08f\" data-element_type=\"widget\" data-e-type=\"widget\" data-widget_type=\"icon-box.default\">\n\t\t\t\t\t\t\t<div class=\"elementor-icon-box-wrapper\">\n\n\t\t\t\t\t\t<div class=\"elementor-icon-box-icon\">\n\t\t\t\t<a href=\"#\" class=\"elementor-icon\" tabindex=\"-1\" aria-label=\"Ppf-Tpu Kaplama\">\n\t\t\t\t<i aria-hidden=\"true\" class=\"mdi mdi-chevron-double-right\"><\/i>\t\t\t\t<\/a>\n\t\t\t<\/div>\n\t\t\t\n\t\t\t\t\t\t<div class=\"elementor-icon-box-content\">\n\n\t\t\t\t\t\t\t\t\t<div class=\"elementor-icon-box-title\">\n\t\t\t\t\t\t<a href=\"#\" >\n\t\t\t\t\t\t\tPpf-Tpu Kaplama\t\t\t\t\t\t<\/a>\n\t\t\t\t\t<\/div>\n\t\t\t\t\n\t\t\t\t\n\t\t\t<\/div>\n\t\t\t\n\t\t<\/div>\n\t\t\t\t\t\t<\/div>\n\t\t\t\t<div class=\"elementor-element elementor-element-5aec73a9 elementor-position-inline-end elementor-mobile-position-inline-end elementor-view-default elementor-widget elementor-widget-icon-box\" data-id=\"5aec73a9\" data-element_type=\"widget\" data-e-type=\"widget\" data-widget_type=\"icon-box.default\">\n\t\t\t\t\t\t\t<div class=\"elementor-icon-box-wrapper\">\n\n\t\t\t\t\t\t<div class=\"elementor-icon-box-icon\">\n\t\t\t\t<a href=\"#\" class=\"elementor-icon\" tabindex=\"-1\" aria-label=\"Seramik Uygulamas\u0131\">\n\t\t\t\t<i aria-hidden=\"true\" class=\"mdi mdi-chevron-double-right\"><\/i>\t\t\t\t<\/a>\n\t\t\t<\/div>\n\t\t\t\n\t\t\t\t\t\t<div class=\"elementor-icon-box-content\">\n\n\t\t\t\t\t\t\t\t\t<div class=\"elementor-icon-box-title\">\n\t\t\t\t\t\t<a href=\"#\" >\n\t\t\t\t\t\t\tSeramik Uygulamas\u0131\t\t\t\t\t\t<\/a>\n\t\t\t\t\t<\/div>\n\t\t\t\t\n\t\t\t\t\n\t\t\t<\/div>\n\t\t\t\n\t\t<\/div>\n\t\t\t\t\t\t<\/div>\n\t\t\t\t<div class=\"elementor-element elementor-element-30a54e28 elementor-position-inline-end elementor-mobile-position-inline-end elementor-view-default elementor-widget elementor-widget-icon-box\" data-id=\"30a54e28\" data-element_type=\"widget\" data-e-type=\"widget\" data-widget_type=\"icon-box.default\">\n\t\t\t\t\t\t\t<div class=\"elementor-icon-box-wrapper\">\n\n\t\t\t\t\t\t<div class=\"elementor-icon-box-icon\">\n\t\t\t\t<a href=\"#\" class=\"elementor-icon\" tabindex=\"-1\" aria-label=\"Detayl\u0131 Temizlik\">\n\t\t\t\t<i aria-hidden=\"true\" class=\"mdi mdi-chevron-double-right\"><\/i>\t\t\t\t<\/a>\n\t\t\t<\/div>\n\t\t\t\n\t\t\t\t\t\t<div class=\"elementor-icon-box-content\">\n\n\t\t\t\t\t\t\t\t\t<div class=\"elementor-icon-box-title\">\n\t\t\t\t\t\t<a href=\"#\" >\n\t\t\t\t\t\t\tDetayl\u0131 Temizlik\t\t\t\t\t\t<\/a>\n\t\t\t\t\t<\/div>\n\t\t\t\t\n\t\t\t\t\n\t\t\t<\/div>\n\t\t\t\n\t\t<\/div>\n\t\t\t\t\t\t<\/div>\n\t\t\t\t<div class=\"elementor-element elementor-element-7a7a01f9 elementor-position-inline-end elementor-mobile-position-inline-end elementor-view-default elementor-widget elementor-widget-icon-box\" data-id=\"7a7a01f9\" data-element_type=\"widget\" data-e-type=\"widget\" data-widget_type=\"icon-box.default\">\n\t\t\t\t\t\t\t<div class=\"elementor-icon-box-wrapper\">\n\n\t\t\t\t\t\t<div class=\"elementor-icon-box-icon\">\n\t\t\t\t<a href=\"#\" class=\"elementor-icon\" tabindex=\"-1\" aria-label=\"Kaporta Boya Servisi\">\n\t\t\t\t<i aria-hidden=\"true\" class=\"mdi mdi-chevron-double-right\"><\/i>\t\t\t\t<\/a>\n\t\t\t<\/div>\n\t\t\t\n\t\t\t\t\t\t<div class=\"elementor-icon-box-content\">\n\n\t\t\t\t\t\t\t\t\t<div class=\"elementor-icon-box-title\">\n\t\t\t\t\t\t<a href=\"#\" >\n\t\t\t\t\t\t\tKaporta Boya Servisi\t\t\t\t\t\t<\/a>\n\t\t\t\t\t<\/div>\n\t\t\t\t\n\t\t\t\t\n\t\t\t<\/div>\n\t\t\t\n\t\t<\/div>\n\t\t\t\t\t\t<\/div>\n\t\t\t\t<div class=\"elementor-element elementor-element-c27b892 elementor-position-inline-end elementor-mobile-position-inline-end elementor-view-default elementor-widget elementor-widget-icon-box\" data-id=\"c27b892\" data-element_type=\"widget\" data-e-type=\"widget\" data-widget_type=\"icon-box.default\">\n\t\t\t\t\t\t\t<div class=\"elementor-icon-box-wrapper\">\n\n\t\t\t\t\t\t<div class=\"elementor-icon-box-icon\">\n\t\t\t\t<a href=\"#\" class=\"elementor-icon\" tabindex=\"-1\" aria-label=\"Pasta Cila Uygulamas\u0131\">\n\t\t\t\t<i aria-hidden=\"true\" class=\"mdi mdi-chevron-double-right\"><\/i>\t\t\t\t<\/a>\n\t\t\t<\/div>\n\t\t\t\n\t\t\t\t\t\t<div class=\"elementor-icon-box-content\">\n\n\t\t\t\t\t\t\t\t\t<div class=\"elementor-icon-box-title\">\n\t\t\t\t\t\t<a href=\"#\" >\n\t\t\t\t\t\t\tPasta Cila Uygulamas\u0131\t\t\t\t\t\t<\/a>\n\t\t\t\t\t<\/div>\n\t\t\t\t\n\t\t\t\t\n\t\t\t<\/div>\n\t\t\t\n\t\t<\/div>\n\t\t\t\t\t\t<\/div>\n\t\t\t\t<div class=\"elementor-element elementor-element-7d9ebcf1 elementor-position-inline-end elementor-mobile-position-inline-end elementor-view-default elementor-widget elementor-widget-icon-box\" data-id=\"7d9ebcf1\" data-element_type=\"widget\" data-e-type=\"widget\" data-widget_type=\"icon-box.default\">\n\t\t\t\t\t\t\t<div class=\"elementor-icon-box-wrapper\">\n\n\t\t\t\t\t\t<div class=\"elementor-icon-box-icon\">\n\t\t\t\t<a href=\"#\" class=\"elementor-icon\" tabindex=\"-1\" aria-label=\"D\u00f6\u015feme Revizyonu\">\n\t\t\t\t<i aria-hidden=\"true\" class=\"mdi mdi-chevron-double-right\"><\/i>\t\t\t\t<\/a>\n\t\t\t<\/div>\n\t\t\t\n\t\t\t\t\t\t<div class=\"elementor-icon-box-content\">\n\n\t\t\t\t\t\t\t\t\t<div class=\"elementor-icon-box-title\">\n\t\t\t\t\t\t<a href=\"#\" >\n\t\t\t\t\t\t\tD\u00f6\u015feme Revizyonu\t\t\t\t\t\t<\/a>\n\t\t\t\t\t<\/div>\n\t\t\t\t\n\t\t\t\t\n\t\t\t<\/div>\n\t\t\t\n\t\t<\/div>\n\t\t\t\t\t\t<\/div>\n\t\t\t\t\t<\/div>\n\t\t\t\t<\/div>\n\t\t\t\t<\/div>\n\t\t\t\t\t<\/div>\n\t\t\t\t<\/div>\n\t\t<div class=\"elementor-element elementor-element-fe97bcd e-flex e-con-boxed e-con e-parent\" data-id=\"fe97bcd\" data-element_type=\"container\" data-e-type=\"container\" data-settings=\"{&quot;background_background&quot;:&quot;classic&quot;}\">\n\t\t\t\t\t<div class=\"e-con-inner\">\n\t\t<div class=\"elementor-element elementor-element-6bb08f0 e-con-full e-flex elementor-invisible e-con e-child\" data-id=\"6bb08f0\" data-element_type=\"container\" data-e-type=\"container\" data-settings=\"{&quot;animation&quot;:&quot;fadeInDown&quot;}\">\n\t\t\t\t<div class=\"elementor-element elementor-element-ac70c67 elementor-widget elementor-widget-heading\" data-id=\"ac70c67\" data-element_type=\"widget\" data-e-type=\"widget\" data-widget_type=\"heading.default\">\n\t\t\t\t\t<h3 class=\"elementor-heading-title elementor-size-default\">Arac\u0131n\u0131z \u0130\u00e7in Profesyonel \u00c7\u00f6z\u00fcmler<\/h3>\t\t\t\t<\/div>\n\t\t\t\t<div class=\"elementor-element elementor-element-06dceeb elementor-widget elementor-widget-text-editor\" data-id=\"06dceeb\" data-element_type=\"widget\" data-e-type=\"widget\" data-widget_type=\"text-editor.default\">\n\t\t\t\t\t\t\t\t\t<p data-start=\"345\" data-end=\"502\">W215 Garage olarak arac\u0131n\u0131za \u00f6zel bak\u0131m, performans ve uygulama hizmetleri sunuyoruz. Detayl\u0131 bilgi almak ve randevu olu\u015fturmak i\u00e7in bizimle ileti\u015fime ge\u00e7in.<\/p><h3 data-start=\"504\" data-end=\"517\">\u00a0<\/h3>\t\t\t\t\t\t\t\t<\/div>\n\t\t\t\t<div class=\"elementor-element elementor-element-816bc7d elementor-align-center elementor-widget elementor-widget-button\" data-id=\"816bc7d\" data-element_type=\"widget\" data-e-type=\"widget\" data-widget_type=\"button.default\">\n\t\t\t\t\t\t\t\t\t\t<a class=\"elementor-button elementor-button-link elementor-size-sm\" href=\"#\">\n\t\t\t\t\t\t<span class=\"elementor-button-content-wrapper\">\n\t\t\t\t\t\t\t\t\t<span class=\"elementor-button-text\">HEMEN \u0130LET\u0130\u015e\u0130ME GE\u00c7\u0130N<\/span>\n\t\t\t\t\t<\/span>\n\t\t\t\t\t<\/a>\n\t\t\t\t\t\t\t\t<\/div>\n\t\t\t\t<\/div>\n\t\t\t\t\t<\/div>\n\t\t\t\t<\/div>\n\t\t\t\t<\/div>\n\t\t","protected":false},"excerpt":{"rendered":"<p>Anasayfa Pasta Cila Uygulamas\u0131 G\u00f6\u00e7\u00fck Tamiri Arac\u0131n\u0131z\u0131n kaporta y\u00fczeyinde olu\u015fan k\u00fc\u00e7\u00fck ve orta \u00f6l\u00e7ekli g\u00f6\u00e7\u00fckleri profesyonel g\u00f6\u00e7\u00fck d\u00fczeltme teknikleri ile gideriyoruz. Boyas\u0131z g\u00f6\u00e7\u00fck onar\u0131m (PDR) y\u00f6ntemi sayesinde y\u00fczeye zarar vermeden, orijinal boya korunarak kaporta eski formuna kavu\u015fturulur. Uygulama sonras\u0131 y\u00fczey b\u00fct\u00fcnl\u00fc\u011f\u00fc sa\u011flan\u0131r, arac\u0131n\u0131za estetik ve kusursuz bir g\u00f6r\u00fcn\u00fcm kazand\u0131r\u0131l\u0131r. https:\/\/www.youtube.com\/watch?v=XHOmBV4js_E G\u00f6\u00e7\u00fck Tamiri Arac\u0131n\u0131zda zamanla olu\u015fan [&hellip;]<\/p>\n","protected":false},"author":1,"featured_media":0,"parent":0,"menu_order":0,"comment_status":"closed","ping_status":"closed","template":"elementor_header_footer","meta":{"footnotes":""},"class_list":["post-193","page","type-page","status-publish","hentry"],"_links":{"self":[{"href":"https:\/\/w215.alakazam.web.tr\/index.php\/wp-json\/wp\/v2\/pages\/193","targetHints":{"allow":["GET"]}}],"collection":[{"href":"https:\/\/w215.alakazam.web.tr\/index.php\/wp-json\/wp\/v2\/pages"}],"about":[{"href":"https:\/\/w215.alakazam.web.tr\/index.php\/wp-json\/wp\/v2\/types\/page"}],"author":[{"embeddable":true,"href":"https:\/\/w215.alakazam.web.tr\/index.php\/wp-json\/wp\/v2\/users\/1"}],"replies":[{"embeddable":true,"href":"https:\/\/w215.alakazam.web.tr\/index.php\/wp-json\/wp\/v2\/comments?post=193"}],"version-history":[{"count":3,"href":"https:\/\/w215.alakazam.web.tr\/index.php\/wp-json\/wp\/v2\/pages\/193\/revisions"}],"predecessor-version":[{"id":204,"href":"https:\/\/w215.alakazam.web.tr\/index.php\/wp-json\/wp\/v2\/pages\/193\/revisions\/204"}],"wp:attachment":[{"href":"https:\/\/w215.alakazam.web.tr\/index.php\/wp-json\/wp\/v2\/media?parent=193"}],"curies":[{"name":"wp","href":"https:\/\/api.w.org\/{rel}","templated":true}]}}