{"id":163,"date":"2026-02-24T11:21:47","date_gmt":"2026-02-24T08:21:47","guid":{"rendered":"https:\/\/w215.alakazam.web.tr\/?page_id=163"},"modified":"2026-02-24T12:59:29","modified_gmt":"2026-02-24T09:59:29","slug":"hakkimizda","status":"publish","type":"page","link":"https:\/\/w215.alakazam.web.tr\/index.php\/hakkimizda\/","title":{"rendered":"Hakk\u0131m\u0131zda"},"content":{"rendered":"\t\t<div data-elementor-type=\"wp-page\" data-elementor-id=\"163\" class=\"elementor elementor-163\" data-elementor-post-type=\"page\">\n\t\t\t\t<div class=\"elementor-element elementor-element-7f8d6c95 e-flex e-con-boxed e-con e-parent\" data-id=\"7f8d6c95\" data-element_type=\"container\" data-e-type=\"container\" data-settings=\"{&quot;background_background&quot;:&quot;classic&quot;}\">\n\t\t\t\t\t<div class=\"e-con-inner\">\n\t\t\t\t<div class=\"elementor-element elementor-element-17e89f95 elementor-invisible elementor-widget elementor-widget-heading\" data-id=\"17e89f95\" data-element_type=\"widget\" data-e-type=\"widget\" data-settings=\"{&quot;_animation&quot;:&quot;fadeInLeft&quot;}\" data-widget_type=\"heading.default\">\n\t\t\t\t\t<h1 class=\"elementor-heading-title elementor-size-default\">Hakk\u0131m\u0131zda<\/h1>\t\t\t\t<\/div>\n\t\t\t\t<div class=\"elementor-element elementor-element-4feb75f8 elementor-icon-list--layout-inline elementor-list-item-link-full_width elementor-invisible elementor-widget elementor-widget-icon-list\" data-id=\"4feb75f8\" data-element_type=\"widget\" data-e-type=\"widget\" data-settings=\"{&quot;_animation&quot;:&quot;fadeInRight&quot;}\" data-widget_type=\"icon-list.default\">\n\t\t\t\t\t\t\t<ul class=\"elementor-icon-list-items elementor-inline-items\">\n\t\t\t\t\t\t\t<li class=\"elementor-icon-list-item elementor-inline-item\">\n\t\t\t\t\t\t\t\t\t\t\t<a href=\"#\">\n\n\t\t\t\t\t\t\t\t\t\t\t<span class=\"elementor-icon-list-text\">Anasayfa<\/span>\n\t\t\t\t\t\t\t\t\t\t\t<\/a>\n\t\t\t\t\t\t\t\t\t<\/li>\n\t\t\t\t\t\t\t\t<li class=\"elementor-icon-list-item elementor-inline-item\">\n\t\t\t\t\t\t\t\t\t\t\t<a href=\"http:\/\/Hakk\u0131m\u0131zda\">\n\n\t\t\t\t\t\t\t\t\t\t\t\t<span class=\"elementor-icon-list-icon\">\n\t\t\t\t\t\t\t<svg aria-hidden=\"true\" class=\"e-font-icon-svg e-fas-long-arrow-alt-right\" viewBox=\"0 0 448 512\" xmlns=\"http:\/\/www.w3.org\/2000\/svg\"><path d=\"M313.941 216H12c-6.627 0-12 5.373-12 12v56c0 6.627 5.373 12 12 12h301.941v46.059c0 21.382 25.851 32.09 40.971 16.971l86.059-86.059c9.373-9.373 9.373-24.569 0-33.941l-86.059-86.059c-15.119-15.119-40.971-4.411-40.971 16.971V216z\"><\/path><\/svg>\t\t\t\t\t\t<\/span>\n\t\t\t\t\t\t\t\t\t\t<span class=\"elementor-icon-list-text\">Hakk\u0131m\u0131zda<\/span>\n\t\t\t\t\t\t\t\t\t\t\t<\/a>\n\t\t\t\t\t\t\t\t\t<\/li>\n\t\t\t\t\t\t<\/ul>\n\t\t\t\t\t\t<\/div>\n\t\t\t\t\t<\/div>\n\t\t\t\t<\/div>\n\t\t<div class=\"elementor-element elementor-element-14b41762 e-flex e-con-boxed e-con e-parent\" data-id=\"14b41762\" data-element_type=\"container\" data-e-type=\"container\">\n\t\t\t\t\t<div class=\"e-con-inner\">\n\t\t<div class=\"elementor-element elementor-element-79917af5 e-con-full e-flex e-con e-child\" data-id=\"79917af5\" data-element_type=\"container\" data-e-type=\"container\">\n\t\t\t\t<div class=\"elementor-element elementor-element-44ff100 elementor-absolute elementor-invisible elementor-widget elementor-widget-image\" data-id=\"44ff100\" data-element_type=\"widget\" data-e-type=\"widget\" data-settings=\"{&quot;_position&quot;:&quot;absolute&quot;,&quot;_animation&quot;:&quot;fadeInLeft&quot;}\" data-widget_type=\"image.default\">\n\t\t\t\t\t\t\t\t\t\t\t\t\t\t\t<img fetchpriority=\"high\" decoding=\"async\" width=\"1280\" height=\"853\" src=\"https:\/\/w215.alakazam.web.tr\/wp-content\/uploads\/2026\/02\/chemical-wash-of-car-dashboard-with-foam-and-brush-interior-detailing.jpg\" class=\"attachment-full size-full wp-image-16\" alt=\"\" srcset=\"https:\/\/w215.alakazam.web.tr\/wp-content\/uploads\/2026\/02\/chemical-wash-of-car-dashboard-with-foam-and-brush-interior-detailing.jpg 1280w, https:\/\/w215.alakazam.web.tr\/wp-content\/uploads\/2026\/02\/chemical-wash-of-car-dashboard-with-foam-and-brush-interior-detailing-300x200.jpg 300w, https:\/\/w215.alakazam.web.tr\/wp-content\/uploads\/2026\/02\/chemical-wash-of-car-dashboard-with-foam-and-brush-interior-detailing-1024x682.jpg 1024w, https:\/\/w215.alakazam.web.tr\/wp-content\/uploads\/2026\/02\/chemical-wash-of-car-dashboard-with-foam-and-brush-interior-detailing-768x512.jpg 768w\" sizes=\"(max-width: 1280px) 100vw, 1280px\" \/>\t\t\t\t\t\t\t\t\t\t\t\t\t\t\t<\/div>\n\t\t\t\t<div class=\"elementor-element elementor-element-f674c98 elementor-absolute elementor-invisible elementor-widget elementor-widget-image\" data-id=\"f674c98\" data-element_type=\"widget\" data-e-type=\"widget\" data-settings=\"{&quot;_position&quot;:&quot;absolute&quot;,&quot;_animation&quot;:&quot;fadeInLeft&quot;,&quot;_animation_delay&quot;:240}\" data-widget_type=\"image.default\">\n\t\t\t\t\t\t\t\t\t\t\t\t\t\t\t<img decoding=\"async\" width=\"1280\" height=\"853\" src=\"https:\/\/w215.alakazam.web.tr\/wp-content\/uploads\/2026\/02\/car-detailer-washing-black-vehicle-with-sponge-e1696211899164.jpg\" class=\"attachment-full size-full wp-image-17\" alt=\"\" srcset=\"https:\/\/w215.alakazam.web.tr\/wp-content\/uploads\/2026\/02\/car-detailer-washing-black-vehicle-with-sponge-e1696211899164.jpg 1280w, https:\/\/w215.alakazam.web.tr\/wp-content\/uploads\/2026\/02\/car-detailer-washing-black-vehicle-with-sponge-e1696211899164-300x200.jpg 300w, https:\/\/w215.alakazam.web.tr\/wp-content\/uploads\/2026\/02\/car-detailer-washing-black-vehicle-with-sponge-e1696211899164-1024x682.jpg 1024w, https:\/\/w215.alakazam.web.tr\/wp-content\/uploads\/2026\/02\/car-detailer-washing-black-vehicle-with-sponge-e1696211899164-768x512.jpg 768w\" sizes=\"(max-width: 1280px) 100vw, 1280px\" \/>\t\t\t\t\t\t\t\t\t\t\t\t\t\t\t<\/div>\n\t\t\t\t<div class=\"elementor-element elementor-element-677a8f3c elementor-invisible elementor-widget elementor-widget-image\" data-id=\"677a8f3c\" data-element_type=\"widget\" data-e-type=\"widget\" data-settings=\"{&quot;_animation&quot;:&quot;fadeInDown&quot;}\" data-widget_type=\"image.default\">\n\t\t\t\t\t\t\t\t\t\t\t\t\t\t\t<img decoding=\"async\" width=\"1280\" height=\"853\" src=\"https:\/\/w215.alakazam.web.tr\/wp-content\/uploads\/2026\/02\/male-wiping-seat-clean-in-black-car-during-detailing.jpg\" class=\"attachment-full size-full wp-image-19\" alt=\"\" srcset=\"https:\/\/w215.alakazam.web.tr\/wp-content\/uploads\/2026\/02\/male-wiping-seat-clean-in-black-car-during-detailing.jpg 1280w, https:\/\/w215.alakazam.web.tr\/wp-content\/uploads\/2026\/02\/male-wiping-seat-clean-in-black-car-during-detailing-300x200.jpg 300w, https:\/\/w215.alakazam.web.tr\/wp-content\/uploads\/2026\/02\/male-wiping-seat-clean-in-black-car-during-detailing-1024x682.jpg 1024w, https:\/\/w215.alakazam.web.tr\/wp-content\/uploads\/2026\/02\/male-wiping-seat-clean-in-black-car-during-detailing-768x512.jpg 768w\" sizes=\"(max-width: 1280px) 100vw, 1280px\" \/>\t\t\t\t\t\t\t\t\t\t\t\t\t\t\t<\/div>\n\t\t\t\t<div class=\"elementor-element elementor-element-7ddb7d5f elementor-absolute elementor-invisible elementor-widget elementor-widget-counter\" data-id=\"7ddb7d5f\" data-element_type=\"widget\" data-e-type=\"widget\" data-settings=\"{&quot;_position&quot;:&quot;absolute&quot;,&quot;_animation&quot;:&quot;fadeInUp&quot;}\" data-widget_type=\"counter.default\">\n\t\t\t\t\t\t\t<div class=\"elementor-counter\">\n\t\t\t<h4 class=\"elementor-counter-title\">Proje Teslimi<\/h4>\t\t\t<div class=\"elementor-counter-number-wrapper\">\n\t\t\t\t<span class=\"elementor-counter-number-prefix\"><\/span>\n\t\t\t\t<span class=\"elementor-counter-number\" data-duration=\"2000\" data-to-value=\"1000\" data-from-value=\"0\" data-delimiter=\",\">0<\/span>\n\t\t\t\t<span class=\"elementor-counter-number-suffix\">+<\/span>\n\t\t\t<\/div>\n\t\t<\/div>\n\t\t\t\t\t\t<\/div>\n\t\t\t\t<\/div>\n\t\t<div class=\"elementor-element elementor-element-6dfdc9ad e-con-full e-flex e-con e-child\" data-id=\"6dfdc9ad\" data-element_type=\"container\" data-e-type=\"container\">\n\t\t\t\t<div class=\"elementor-element elementor-element-4efc77a5 elementor-invisible elementor-widget elementor-widget-heading\" data-id=\"4efc77a5\" data-element_type=\"widget\" data-e-type=\"widget\" data-settings=\"{&quot;_animation&quot;:&quot;fadeIn&quot;,&quot;_animation_delay&quot;:720}\" data-widget_type=\"heading.default\">\n\t\t\t\t\t<h2 class=\"elementor-heading-title elementor-size-default\">Biz Kimiz?<\/h2>\t\t\t\t<\/div>\n\t\t\t\t<div class=\"elementor-element elementor-element-4331ce65 elementor-invisible elementor-widget elementor-widget-heading\" data-id=\"4331ce65\" data-element_type=\"widget\" data-e-type=\"widget\" data-settings=\"{&quot;_animation&quot;:&quot;fadeInUp&quot;}\" data-widget_type=\"heading.default\">\n\t\t\t\t\t<h3 class=\"elementor-heading-title elementor-size-default\">Arac\u0131n\u0131za Hak Etti\u011fi De\u011feri Veriyoruz<\/h3>\t\t\t\t<\/div>\n\t\t\t\t<div class=\"elementor-element elementor-element-2d9f295d elementor-invisible elementor-widget elementor-widget-text-editor\" data-id=\"2d9f295d\" data-element_type=\"widget\" data-e-type=\"widget\" data-settings=\"{&quot;_animation&quot;:&quot;fadeInUp&quot;,&quot;_animation_delay&quot;:240}\" data-widget_type=\"text-editor.default\">\n\t\t\t\t\t\t\t\t\t<p data-start=\"217\" data-end=\"475\">W215 Garage olarak, otomobil bak\u0131m ve detayland\u0131rma alan\u0131nda kalite, titizlik ve m\u00fc\u015fteri memnuniyetini \u00f6n planda tutuyoruz. Her arac\u0131 yaln\u0131zca temizlemiyor; profesyonel ekipman ve uzman uygulamalarla ilk g\u00fcnk\u00fc g\u00f6r\u00fcn\u00fcm\u00fcne ve de\u011ferine kavu\u015fmas\u0131n\u0131 sa\u011fl\u0131yoruz.<\/p><p data-start=\"477\" data-end=\"650\">\u0130\u00e7 ve d\u0131\u015f detayl\u0131 temizlikten boya koruma uygulamalar\u0131na kadar t\u00fcm s\u00fcre\u00e7lerde y\u00fcksek standartlarla \u00e7al\u0131\u015f\u0131yor, arac\u0131n\u0131z\u0131 g\u00fcvenle teslim al\u0131p kusursuz \u015fekilde teslim ediyoruz.<\/p><p data-start=\"477\" data-end=\"637\" data-is-last-node=\"\" data-is-only-node=\"\">\u00a0<\/p>\t\t\t\t\t\t\t\t<\/div>\n\t\t\t\t<\/div>\n\t\t\t\t\t<\/div>\n\t\t\t\t<\/div>\n\t\t\t\t<\/div>\n\t\t","protected":false},"excerpt":{"rendered":"<p>Hakk\u0131m\u0131zda Anasayfa Hakk\u0131m\u0131zda Proje Teslimi 0 + Biz Kimiz? Arac\u0131n\u0131za Hak Etti\u011fi De\u011feri Veriyoruz W215 Garage olarak, otomobil bak\u0131m ve detayland\u0131rma alan\u0131nda kalite, titizlik ve m\u00fc\u015fteri memnuniyetini \u00f6n planda tutuyoruz. Her arac\u0131 yaln\u0131zca temizlemiyor; profesyonel ekipman ve uzman uygulamalarla ilk g\u00fcnk\u00fc g\u00f6r\u00fcn\u00fcm\u00fcne ve de\u011ferine kavu\u015fmas\u0131n\u0131 sa\u011fl\u0131yoruz. \u0130\u00e7 ve d\u0131\u015f detayl\u0131 temizlikten boya koruma uygulamalar\u0131na kadar [&hellip;]<\/p>\n","protected":false},"author":1,"featured_media":0,"parent":0,"menu_order":0,"comment_status":"closed","ping_status":"closed","template":"elementor_header_footer","meta":{"footnotes":""},"class_list":["post-163","page","type-page","status-publish","hentry"],"_links":{"self":[{"href":"https:\/\/w215.alakazam.web.tr\/index.php\/wp-json\/wp\/v2\/pages\/163","targetHints":{"allow":["GET"]}}],"collection":[{"href":"https:\/\/w215.alakazam.web.tr\/index.php\/wp-json\/wp\/v2\/pages"}],"about":[{"href":"https:\/\/w215.alakazam.web.tr\/index.php\/wp-json\/wp\/v2\/types\/page"}],"author":[{"embeddable":true,"href":"https:\/\/w215.alakazam.web.tr\/index.php\/wp-json\/wp\/v2\/users\/1"}],"replies":[{"embeddable":true,"href":"https:\/\/w215.alakazam.web.tr\/index.php\/wp-json\/wp\/v2\/comments?post=163"}],"version-history":[{"count":10,"href":"https:\/\/w215.alakazam.web.tr\/index.php\/wp-json\/wp\/v2\/pages\/163\/revisions"}],"predecessor-version":[{"id":188,"href":"https:\/\/w215.alakazam.web.tr\/index.php\/wp-json\/wp\/v2\/pages\/163\/revisions\/188"}],"wp:attachment":[{"href":"https:\/\/w215.alakazam.web.tr\/index.php\/wp-json\/wp\/v2\/media?parent=163"}],"curies":[{"name":"wp","href":"https:\/\/api.w.org\/{rel}","templated":true}]}}